{"id":1401,"date":"2023-01-25T08:15:35","date_gmt":"2023-01-25T08:15:35","guid":{"rendered":"https:\/\/virtualevent.weedoverse.com\/masonbrite\/"},"modified":"2023-02-04T15:41:17","modified_gmt":"2023-02-04T15:41:17","slug":"masonbrite","status":"publish","type":"page","link":"https:\/\/virtualevent.weedoverse.com\/fr\/masonbrite\/","title":{"rendered":"Masonbrite"},"content":{"rendered":"<p>[et_pb_section fb_built=\u00a0\u00bb1&Prime; fullwidth=\u00a0\u00bbon\u00a0\u00bb _builder_version=\u00a0\u00bb4.19.4&Prime; _module_preset=\u00a0\u00bbdefault\u00a0\u00bb global_colors_info=\u00a0\u00bb{}\u00a0\u00bb][et_pb_fullwidth_code _builder_version=\u00a0\u00bb4.19.4&Prime; _module_preset=\u00a0\u00bbdefault\u00a0\u00bb global_colors_info=\u00a0\u00bb{}\u00a0\u00bb]<\/p>\n<div style=\"position: relative; overflow: hidden; padding-top: 56.25%;\"><iframe id=\"ms_frame\" loading=\"lazy\" style=\"position: absolute;top: 0;left: 0; width: 100%; height: 100%; min-height:unset; min-width: unset; border: 0;\" src=\"https:\/\/embed.mindstamp.io\/embed\/sRzuXnDXaYzZ?autoplay=1&amp;controls=0\" allowfullscreen=\"\" allow=\"encrypted-media; microphone; camera  \" scrolling=\"no\"><\/iframe><\/div>\n<p>[\/et_pb_fullwidth_code][\/et_pb_section][et_pb_section fb_built=\u00a0\u00bb1&Prime; _builder_version=\u00a0\u00bb4.19.5&Prime; _module_preset=\u00a0\u00bbdefault\u00a0\u00bb background_color=\u00a0\u00bb#353535&Prime; hover_enabled=\u00a0\u00bb0&Prime; global_colors_info=\u00a0\u00bb{}\u00a0\u00bb sticky_enabled=\u00a0\u00bb0&Prime;][et_pb_row column_structure=\u00a0\u00bb3_5,2_5&Prime; _builder_version=\u00a0\u00bb4.19.4&Prime; _module_preset=\u00a0\u00bbdefault\u00a0\u00bb global_colors_info=\u00a0\u00bb{}\u00a0\u00bb][et_pb_column type=\u00a0\u00bb3_5&Prime; _builder_version=\u00a0\u00bb4.19.4&Prime; _module_preset=\u00a0\u00bbdefault\u00a0\u00bb global_colors_info=\u00a0\u00bb{}\u00a0\u00bb][et_pb_text _builder_version=\u00a0\u00bb4.19.4&Prime; _module_preset=\u00a0\u00bbdefault\u00a0\u00bb text_font=\u00a0\u00bb|700|||||||\u00a0\u00bb text_text_color=\u00a0\u00bb#FFFFFF\u00a0\u00bb text_font_size=\u00a0\u00bb31px\u00a0\u00bb custom_margin=\u00a0\u00bb||||false|false\u00a0\u00bb global_colors_info=\u00a0\u00bb{}\u00a0\u00bb]<\/p>\n<p>VOUS \u00caTES AU STAND DE MASONBRITE<\/p>\n<p>[\/et_pb_text][et_pb_text _builder_version=\u00a0\u00bb4.19.4&Prime; _module_preset=\u00a0\u00bbdefault\u00a0\u00bb text_text_color=\u00a0\u00bb#FFFFFF\u00a0\u00bb text_font_size=\u00a0\u00bb19px\u00a0\u00bb global_colors_info=\u00a0\u00bb{}\u00a0\u00bb]<\/p>\n<p><span>Nous avons fond\u00e9 MasonBrite.com avec un seul produit phare en t\u00eate, initialement \u00e0 titre exp\u00e9rimental, pour fournir aux cultivateurs, aux propri\u00e9taires de dispensaires et aux connaisseurs de cannabis un pot de pr\u00e9sentation de meilleure qualit\u00e9 pour leur fleur. Puisque les bocaux Mason sont les bocaux de cachette par excellence depuis 1858, nous avons simplement reli\u00e9 les points. Notre produit phare, MasonBrite, s&rsquo;adapte aux bocaux Mason \u00e0 large ouverture de 4 oz, 8 oz, 16 oz, 32 oz et m\u00eame 128 oz, que l&rsquo;on peut acheter chez Target, Walmart et d&rsquo;autres d\u00e9taillants de qualit\u00e9. Nous vendons \u00e9galement des lampes de culture, des loupes, du mat\u00e9riel et d&rsquo;autres accessoires pour les amoureux de la feuille verte.  <\/span><\/p>\n<p>[\/et_pb_text][et_pb_button button_url=\u00a0\u00bbhttps:\/\/virtualevent.weedoverse.com\/fr\/\u00a0\u00bb button_text=\u00a0\u00bbREGARDEZ LE REPLAY DE L&rsquo;\u00c9V\u00c9NEMENT\u00a0\u00bb _builder_version=\u00a0\u00bb4.19.5&Prime; _module_preset=\u00a0\u00bbdefault\u00a0\u00bb global_colors_info=\u00a0\u00bb{}\u00a0\u00bb theme_builder_area=\u00a0\u00bbpost_content\u00a0\u00bb][\/et_pb_button][\/et_pb_column][et_pb_column type=\u00a0\u00bb2_5&Prime; _builder_version=\u00a0\u00bb4.19.4&Prime; _module_preset=\u00a0\u00bbdefault\u00a0\u00bb global_colors_info=\u00a0\u00bb{}\u00a0\u00bb][\/et_pb_column][\/et_pb_row][\/et_pb_section][et_pb_section fb_built=\u00a0\u00bb1&Prime; prev_background_color=\u00a0\u00bb#ffffff\u00a0\u00bb _builder_version=\u00a0\u00bb4.19.5&Prime; _module_preset=\u00a0\u00bbdefault\u00a0\u00bb background_color=\u00a0\u00bb#000000&Prime; width=\u00a0\u00bb100%\u00a0\u00bb custom_margin=\u00a0\u00bb-50px||||false|false\u00a0\u00bb top_divider_style=\u00a0\u00bbclouds\u00a0\u00bb hover_enabled=\u00a0\u00bb0&Prime; global_colors_info=\u00a0\u00bb{}\u00a0\u00bb sticky_enabled=\u00a0\u00bb0&Prime;][et_pb_row _builder_version=\u00a0\u00bb4.16&Prime; _module_preset=\u00a0\u00bbdefault\u00a0\u00bb custom_margin=\u00a0\u00bb||-62px||false|false\u00a0\u00bb global_colors_info=\u00a0\u00bb{}\u00a0\u00bb][et_pb_column type=\u00a0\u00bb4_4&Prime; _builder_version=\u00a0\u00bb4.16&Prime; _module_preset=\u00a0\u00bbdefault\u00a0\u00bb global_colors_info=\u00a0\u00bb{}\u00a0\u00bb][et_pb_text _builder_version=\u00a0\u00bb4.19.4&Prime; _module_preset=\u00a0\u00bbdefault\u00a0\u00bb text_font_size=\u00a0\u00bb22px\u00a0\u00bb text_orientation=\u00a0\u00bbcenter\u00a0\u00bb custom_margin=\u00a0\u00bb42px||||false|false\u00a0\u00bb global_colors_info=\u00a0\u00bb{}\u00a0\u00bb]<\/p>\n<p><span style=\"font-size: xx-large; color: #ffffff;\"><strong>Contactez-Nous?<\/strong><\/span> <a href=\"mailto:contact@weedoverse.com\">contact@weedoverse.com<\/a> <span style=\"color: #ffffff;\">ou sur l&rsquo;un de nos r\u00e9seaux sociaux<\/span><\/p>\n<p>[\/et_pb_text][et_pb_text _builder_version=\u00a0\u00bb4.17.6&Prime; _module_preset=\u00a0\u00bbdefault\u00a0\u00bb text_font_size=\u00a0\u00bb22px\u00a0\u00bb text_orientation=\u00a0\u00bbcenter\u00a0\u00bb global_colors_info=\u00a0\u00bb{}\u00a0\u00bb]<\/p>\n<p><a href=\"https:\/\/discord.gg\/ZUZQV9X88U\"><img decoding=\"async\" loading=\"lazy\" src=\"https:\/\/virtualevent.weedoverse.com\/wp-content\/uploads\/2022\/12\/Icon-Discord.png\" width=\"45\" height=\"45\" alt=\"\" class=\"wp-image-48 alignnone size-full\"> <\/a> <a href=\"https:\/\/twitter.com\/WeedoVerse\" target=\"_blank\" rel=\"noopener\" title=\"Twitter\"><img decoding=\"async\" loading=\"lazy\" src=\"https:\/\/virtualevent.weedoverse.com\/wp-content\/uploads\/2022\/12\/Icon-Twitter.png\" width=\"45\" height=\"45\" alt=\"\" class=\"wp-image-52 alignnone size-full\"><\/a>  <a href=\"https:\/\/rarible.com\/weedopeeps\" target=\"_blank\" rel=\"noopener\" title=\"Collection Rarible\"><img decoding=\"async\" loading=\"lazy\" src=\"https:\/\/virtualevent.weedoverse.com\/wp-content\/uploads\/2022\/12\/Icon-Rarible.png\" width=\"45\" height=\"45\" alt=\"\" class=\"wp-image-8089 alignnone size-full\"><\/a>  <a href=\"https:\/\/www.facebook.com\/Weedoverse-114947954528113\" title=\"Facebook\"><img decoding=\"async\" loading=\"lazy\" src=\"https:\/\/virtualevent.weedoverse.com\/wp-content\/uploads\/2022\/12\/Icon-Facebook.png\" width=\"45\" height=\"45\" alt=\"\" class=\"wp-image-49 alignnone size-full\"><\/a> <a href=\"https:\/\/t.me\/weedoverse\" title=\"T\u00e9l\u00e9gramme\"><img decoding=\"async\" loading=\"lazy\" src=\"https:\/\/virtualevent.weedoverse.com\/wp-content\/uploads\/2022\/12\/Icon-Telegram.png\" width=\"45\" height=\"45\" alt=\"\" class=\"wp-image-53 alignnone size-full\"><\/a><\/p>\n<p>[\/et_pb_text][et_pb_text _builder_version=\u00a0\u00bb4.19.4&Prime; _module_preset=\u00a0\u00bb8cd1ce6b-38be-479c-8fe0-00b31d0a6bd3&Prime; text_font=\u00a0\u00bbPoppins|300|||||||\u00a0\u00bb text_line_height=\u00a0\u00bb1.8em\u00a0\u00bb background_layout=\u00a0\u00bbdark\u00a0\u00bb text_font_size_tablet=\u00a0\u00bb16px\u00a0\u00bb text_font_size_phone=\u00a0\u00bb14px\u00a0\u00bb text_font_size_last_edited=\u00a0\u00bbon|desktop\u00a0\u00bb locked=\u00a0\u00bboff\u00a0\u00bb global_colors_info=\u00a0\u00bb{}\u00a0\u00bb]<\/p>\n<p>Notre \u00e9v\u00e9nement est libre d&rsquo;acc\u00e8s et accueille toute personne \u00e2g\u00e9e de plus de 18 ans (19 ans pour le Canada et 21 ans pour les \u00c9tats-Unis). Tous nos cadeaux, NFTS et la distribution de jetons sont gratuits et ne n\u00e9cessitent aucun paiement.<\/p>\n<p>[\/et_pb_text][et_pb_text _builder_version=\u00a0\u00bb4.19.4&Prime; _module_preset=\u00a0\u00bbdefault\u00a0\u00bb global_colors_info=\u00a0\u00bb{}\u00a0\u00bb]<\/p>\n<p><span data-contrast=\"none\" lang=\"FR-FR\" class=\"TextRun Highlight SCXW106855666 BCX0\" style=\"accent-color: auto; place-content: normal; place-items: normal; place-self: auto; alignment-baseline: auto; animation: 0s ease 0s 1 normal none running none; app-region: none; appearance: none; aspect-ratio: auto; backdrop-filter: none; backface-visibility: visible; background: none 0% 0% \/ auto auto repeat scroll padding-box border-box #000000; background-blend-mode: normal; baseline-shift: 0px; border-image: none 100% \/ 1 \/ 0 stretch; border-collapse: separate; border-end-end-radius: 0px; border-end-start-radius: 0px; border-spacing: 0px; border-start-end-radius: 0px; border-start-start-radius: 0px; border-radius: 0px; inset: auto; box-shadow: none; box-sizing: content-box; break-after: auto; break-before: auto; break-inside: auto; buffered-rendering: auto; caption-side: top; caret-color: #ffffff; clear: none; clip: auto; clip-path: none; clip-rule: nonzero; color: #ffffff; color-interpolation: srgb; color-interpolation-filters: linearrgb; color-rendering: auto; color-scheme: normal; columns: auto auto; column-fill: balance; gap: normal; column-rule: 0px none #ffffff; column-span: none; contain: none; contain-intrinsic-block-size: none; contain-intrinsic-size: none; contain-intrinsic-inline-size: none; content: normal; content-visibility: visible; counter-increment: none; counter-reset: none; counter-set: none; cursor: text; cx: 0px; cy: 0px; d: none; direction: ltr; display: inline; dominant-baseline: auto; empty-cells: show; fill: #000000; fill-opacity: 1; fill-rule: nonzero; filter: none; flex: 0 1 auto; flex-flow: row nowrap; float: none; flood-color: #000000; flood-opacity: 1; font-family: WordVisi_MSFontService, Calibri, Calibri_EmbeddedFont, Calibri_MSFontService, sans-serif; font-feature-settings: normal; font-kerning: none; font-optical-sizing: auto; font-size: 14.6667px; font-stretch: 100%; font-style: normal; font-synthesis: weight style small-caps; font-variant: no-common-ligatures no-discretionary-ligatures no-historical-ligatures no-contextual; font-variation-settings: normal; font-weight: 400; forced-color-adjust: auto; grid-area: auto \/ auto \/ auto \/ auto; grid-auto-columns: auto; grid-auto-flow: row; grid-auto-rows: auto; grid-template-areas: none; grid-template-columns: none; grid-template-rows: none; height: auto; hyphens: manual; image-orientation: from-image; image-rendering: auto; inline-size: auto; inset-block: auto; inset-inline: auto; isolation: auto; letter-spacing: normal; lighting-color: #ffffff; line-height: 18.3458px; list-style: outside none disc; margin: 0px; marker: none; mask: none; mask-type: luminance; max-height: none; max-width: none; min-height: 0px; min-width: 0px; mix-blend-mode: normal; object-fit: fill; object-position: 50% 50%; offset: none 0px auto 0deg; opacity: 1; order: 0; orphans: 2; outline: rgba(0, 0, 0, 0) solid 1px; outline-offset: 0px; overflow: visible; overflow-anchor: auto; overflow-clip-margin: 0px; overflow-wrap: break-word; overscroll-behavior-block: auto; overscroll-behavior-inline: auto; overscroll-behavior: auto; padding: 0px; page: auto; paint-order: normal; perspective: none; perspective-origin: 0px 0px; pointer-events: auto; position: static; quotes: auto; r: 0px; resize: none; ruby-position: over; rx: auto; ry: auto; scroll-behavior: auto; scroll-margin-block: 0px; scroll-margin: 0px; scroll-margin-inline: 0px; scroll-padding-block: auto; scroll-padding: auto; scroll-padding-inline: auto; scroll-snap-align: none; scroll-snap-stop: normal; scroll-snap-type: none; scrollbar-gutter: auto; shape-image-threshold: 0; shape-margin: 0px; shape-outside: none; shape-rendering: auto; speak: normal; stop-color: #000000; stop-opacity: 1; stroke: none; stroke-dasharray: none; stroke-dashoffset: 0px; stroke-linecap: butt; stroke-linejoin: miter; stroke-miterlimit: 4; stroke-opacity: 1; stroke-width: 1px; tab-size: 8; table-layout: auto; text-align: left; text-align-last: auto; text-anchor: start; text-combine-upright: none; text-decoration: none solid #ffffff; text-decoration-skip-ink: auto; text-indent: 0px; text-orientation: mixed; text-overflow: clip; text-rendering: auto; text-shadow: none; text-size-adjust: auto; text-transform: none; text-underline-offset: auto; text-underline-position: auto; touch-action: auto; transform: none; transform-box: view-box; transform-origin: 0px 0px; transform-style: flat; transition: all 0s ease 0s; unicode-bidi: normal; user-select: text; vector-effect: none; vertical-align: baseline; visibility: visible; border-block-end: 0px none #ffffff; border-block-start: 0px none #ffffff; border-inline-end: 0px none #ffffff; -webkit-border-image: none; border-inline-start: 0px none #ffffff; -webkit-box-align: stretch; -webkit-box-decoration-break: slice; -webkit-box-direction: normal; -webkit-box-flex: 0; -webkit-box-ordinal-group: 1; -webkit-box-orient: horizontal; -webkit-box-pack: start; -webkit-font-smoothing: auto; -webkit-highlight: none; -webkit-hyphenate-character: auto; -webkit-line-break: after-white-space; -webkit-locale: 'fr-FR'; block-size: auto; margin-block: 0px; margin-inline: 0px; -webkit-mask-box-image-source: none; -webkit-mask-box-image-slice: 0 fill; -webkit-mask-box-image-width: auto; -webkit-mask-box-image-outset: 0; -webkit-mask-box-image-repeat: stretch; -webkit-mask: none 0% 0% \/ auto repeat border-box border-box; -webkit-mask-composite: source-over; max-block-size: none; max-inline-size: none; min-block-size: 0px; min-inline-size: 0px; padding-block: 0px; padding-inline: 0px; -webkit-print-color-adjust: economy; -webkit-rtl-ordering: logical; -webkit-ruby-position: before; -webkit-tap-highlight-color: rgba(0, 0, 0, 0); -webkit-text-combine: none; -webkit-text-decorations-in-effect: none; -webkit-text-emphasis: none #ffffff; -webkit-text-emphasis-position: over right; -webkit-text-fill-color: #ffffff; -webkit-text-orientation: vertical-right; -webkit-text-security: none; -webkit-text-stroke: 0px #ffffff; -webkit-user-drag: none; -webkit-user-modify: read-write; -webkit-writing-mode: horizontal-tb; white-space: pre-wrap; widows: 2; width: auto; will-change: auto; word-break: normal; word-spacing: 0px; writing-mode: horizontal-tb; x: 0px; y: 0px; z-index: auto; zoom: 1; border: 0px none #ffffff;\"><span class=\"NormalTextRun SCXW106855666 BCX0\">\u00a9<\/span><\/span>WeedoVerse_2023 | <a href=\"https:\/\/virtualevent.weedoverse.com\/privacy-policy-2\/\" target=\"_blank\" rel=\"noopener\">Politique de confidentialit\u00e9<\/a> |<\/p>\n<p>[\/et_pb_text][\/et_pb_column][\/et_pb_row][\/et_pb_section]<\/p>\n","protected":false},"excerpt":{"rendered":"<p>VOUS \u00caTES AU STAND DE MASONBRITENous avons fond\u00e9 MasonBrite.com avec un seul produit phare en t\u00eate, initialement \u00e0 titre exp\u00e9rimental, pour fournir aux cultivateurs, aux propri\u00e9taires de dispensaires et aux connaisseurs de cannabis un pot de pr\u00e9sentation de meilleure qualit\u00e9 pour leur fleur. Puisque les bocaux Mason sont les bocaux de cachette par excellence depuis [&hellip;]<\/p>\n","protected":false},"author":2,"featured_media":0,"parent":0,"menu_order":0,"comment_status":"closed","ping_status":"closed","template":"","meta":{"_et_pb_use_builder":"on","_et_pb_old_content":"","_et_gb_content_width":"","om_disable_all_campaigns":false,"_monsterinsights_skip_tracking":false,"_monsterinsights_sitenote_active":false,"_monsterinsights_sitenote_note":"","_monsterinsights_sitenote_category":0},"aioseo_notices":[],"_links":{"self":[{"href":"https:\/\/virtualevent.weedoverse.com\/fr\/wp-json\/wp\/v2\/pages\/1401"}],"collection":[{"href":"https:\/\/virtualevent.weedoverse.com\/fr\/wp-json\/wp\/v2\/pages"}],"about":[{"href":"https:\/\/virtualevent.weedoverse.com\/fr\/wp-json\/wp\/v2\/types\/page"}],"author":[{"embeddable":true,"href":"https:\/\/virtualevent.weedoverse.com\/fr\/wp-json\/wp\/v2\/users\/2"}],"replies":[{"embeddable":true,"href":"https:\/\/virtualevent.weedoverse.com\/fr\/wp-json\/wp\/v2\/comments?post=1401"}],"version-history":[{"count":2,"href":"https:\/\/virtualevent.weedoverse.com\/fr\/wp-json\/wp\/v2\/pages\/1401\/revisions"}],"predecessor-version":[{"id":1403,"href":"https:\/\/virtualevent.weedoverse.com\/fr\/wp-json\/wp\/v2\/pages\/1401\/revisions\/1403"}],"wp:attachment":[{"href":"https:\/\/virtualevent.weedoverse.com\/fr\/wp-json\/wp\/v2\/media?parent=1401"}],"curies":[{"name":"wp","href":"https:\/\/api.w.org\/{rel}","templated":true}]}}