{"id":1422,"date":"2023-01-25T09:26:02","date_gmt":"2023-01-25T09:26:02","guid":{"rendered":"https:\/\/virtualevent.weedoverse.com\/ontologisches-spiel\/"},"modified":"2023-02-04T15:44:59","modified_gmt":"2023-02-04T15:44:59","slug":"ontologisches-spiel","status":"publish","type":"page","link":"https:\/\/virtualevent.weedoverse.com\/de\/ontologisches-spiel\/","title":{"rendered":"Ontologisches Spiel"},"content":{"rendered":"<p>[et_pb_section fb_built=&#8220;1&#8243; fullwidth=&#8220;on&#8220; _builder_version=&#8220;4.19.4&#8243; _module_preset=&#8220;default&#8220; global_colors_info=&#8220;{}&#8220;][et_pb_fullwidth_code _builder_version=&#8220;4.19.4&#8243; _module_preset=&#8220;default&#8220; global_colors_info=&#8220;{}&#8220;]<\/p>\n<div style=\"position: relative; overflow: hidden; padding-top: 56.25%;\"><iframe id=\"ms_frame\" loading=\"lazy\" style=\"position: absolute;top: 0;left: 0; width: 100%; height: 100%; min-height:unset; min-width: unset; border: 0;\" src=\"https:\/\/embed.mindstamp.io\/embed\/kkqIlZJGZlHn?autoplay=1&amp;controls=0\" allowfullscreen=\"\" allow=\"encrypted-media; microphone; camera  \" scrolling=\"no\"><\/iframe><\/div>\n<p>[\/et_pb_fullwidth_code][\/et_pb_section][et_pb_section fb_built=&#8220;1&#8243; _builder_version=&#8220;4.19.5&#8243; _module_preset=&#8220;default&#8220; background_color=&#8220;#353535&#8243; global_colors_info=&#8220;{}&#8220;][et_pb_row column_structure=&#8220;1_2,1_2&#8243; _builder_version=&#8220;4.19.4&#8243; _module_preset=&#8220;default&#8220; global_colors_info=&#8220;{}&#8220;][et_pb_column type=&#8220;1_2&#8243; _builder_version=&#8220;4.19.4&#8243; _module_preset=&#8220;default&#8220; global_colors_info=&#8220;{}&#8220;][et_pb_text _builder_version=&#8220;4.19.5&#8243; _module_preset=&#8220;default&#8220; text_font=&#8220;|700|||||||&#8220; text_text_color=&#8220;#FFFFFF&#8220; text_font_size=&#8220;25px&#8220; custom_margin=&#8220;||||false|false&#8220; global_colors_info=&#8220;{}&#8220;]<\/p>\n<p>SIE BEFINDEN SICH AM STAND DES ONTOLOGISCHEN SPIELS<\/p>\n<p>[\/et_pb_text][et_pb_text _builder_version=&#8220;4.19.4&#8243; _module_preset=&#8220;default&#8220; text_text_color=&#8220;#FFFFFF&#8220; text_font_size=&#8220;19px&#8220; custom_margin=&#8220;-2px||||false|false&#8220; global_colors_info=&#8220;{}&#8220;]<\/p>\n<div class=\"ewa-rteLine\">Das Ontologische Spiel ist ein \u00d6kosystem, das eine Gruppe sich erg\u00e4nzender Projekte und ein einzigartiges System miteinander verbundener Spiele umfasst, die eine innovative und symbiotische offene Wirtschaft \u00fcber ihre Grenzen hinweg entstehen lassen.<\/div>\n<div class=\"ewa-rteLine\">Merca City ist eine Abenteuerwelt mit einem komplexen Wirtschaftssystem; ein Open-World-MMORPG, das aus sechs exotischen Bezirken besteht, von denen sich jeder auf eine bestimmte Wirtschaftst\u00e4tigkeit spezialisiert hat, mit eigener Kultur, eigenem Stil und eigener Herangehensweise an Handel, Politik und Kriegsf\u00fchrung.<\/div>\n<div class=\"ewa-rteLine\">Labyrinthine Unreal ist eine Welt voller Geheimnisse, Erkundungen und unterirdischer R\u00e4ume in Merca City. Die Spieler k\u00f6nnen sich zwischen den Welten bewegen, aber die Regeln der Unterwelt unterscheiden sich von denen der Oberfl\u00e4che, und die Spieler m\u00fcssen sich anpassen, um zu \u00fcberleben und durch die verschlungenen, t\u00fcckischen Unterf\u00fchrungen zu navigieren.<\/div>\n<p>[\/et_pb_text][et_pb_button button_url=&#8220;https:\/\/virtualevent.weedoverse.com\/&#8220; button_text=&#8220;DIE AUFZEICHNUNG DER VERANSTALTUNG ANSEHEN&#8220; _builder_version=&#8220;4.19.5&#8243; _module_preset=&#8220;default&#8220; global_colors_info=&#8220;{}&#8220;][\/et_pb_button][\/et_pb_column][et_pb_column type=&#8220;1_2&#8243; _builder_version=&#8220;4.19.4&#8243; _module_preset=&#8220;default&#8220; global_colors_info=&#8220;{}&#8220;][et_pb_text _builder_version=&#8220;4.19.5&#8243; _module_preset=&#8220;default&#8220; text_font=&#8220;|700|||||||&#8220; text_text_color=&#8220;#FFFFFF&#8220; text_font_size=&#8220;17px&#8220; custom_margin=&#8220;||||false|false&#8220; hover_enabled=&#8220;0&#8243; global_colors_info=&#8220;{}&#8220; theme_builder_area=&#8220;post_content&#8220; sticky_enabled=&#8220;0&#8243;]<\/p>\n<p>Vielen Dank, Cergate, f\u00fcr Ihre Teilnahme an unserer Veranstaltung.<br \/>UNTEN ANSEHEN<\/p>\n<p>[\/et_pb_text][et_pb_video src=&#8220;https:\/\/virtualevent.weedoverse.com\/wp-content\/uploads\/2023\/01\/1330-1441-CERGAT-INTERVIEW-last-compress.mp4&#8243; _builder_version=&#8220;4.19.5&#8243; _module_preset=&#8220;default&#8220; title_text=&#8220;1330-1441 CERGAT INTERVIEW last compress&#8220; hover_enabled=&#8220;0&#8243; sticky_enabled=&#8220;0&#8243;][\/et_pb_video][\/et_pb_column][\/et_pb_row][\/et_pb_section][et_pb_section fb_built=&#8220;1&#8243; prev_background_color=&#8220;#353535&#8243; _builder_version=&#8220;4.19.5&#8243; _module_preset=&#8220;default&#8220; background_color=&#8220;#000000&#8243; width=&#8220;100%&#8220; custom_margin=&#8220;-50px||||false|false&#8220; top_divider_style=&#8220;clouds&#8220; global_colors_info=&#8220;{}&#8220;][et_pb_row _builder_version=&#8220;4.16&#8243; _module_preset=&#8220;default&#8220; custom_margin=&#8220;||-62px||false|false&#8220; global_colors_info=&#8220;{}&#8220;][et_pb_column type=&#8220;4_4&#8243; _builder_version=&#8220;4.16&#8243; _module_preset=&#8220;default&#8220; global_colors_info=&#8220;{}&#8220;][et_pb_text _builder_version=&#8220;4.19.4&#8243; _module_preset=&#8220;default&#8220; text_font_size=&#8220;22px&#8220; text_orientation=&#8220;center&#8220; custom_margin=&#8220;42px||||false|false&#8220; global_colors_info=&#8220;{}&#8220;]<\/p>\n<p><span style=\"font-size: xx-large; color: #ffffff;\"><br \/>\n  <strong>M\u00f6chten Sie reden?<\/strong><br \/>\n<\/span> <a href=\"mailto:contact@weedoverse.com\">contact@weedoverse.com<\/a> <span style=\"color: #ffffff;\">oder \u00fcber eines unserer sozialen Netzwerke<\/span><\/p>\n<p>[\/et_pb_text][et_pb_text _builder_version=&#8220;4.17.6&#8243; _module_preset=&#8220;default&#8220; text_font_size=&#8220;22px&#8220; text_orientation=&#8220;center&#8220; global_colors_info=&#8220;{}&#8220;]<\/p>\n<p><a href=\"https:\/\/discord.gg\/ZUZQV9X88U\"><img decoding=\"async\" loading=\"lazy\" src=\"https:\/\/virtualevent.weedoverse.com\/wp-content\/uploads\/2022\/12\/Icon-Discord.png\" width=\"45\" height=\"45\" alt=\"\" class=\"wp-image-48 alignnone size-full\"> <\/a> <a href=\"https:\/\/twitter.com\/WeedoVerse\" target=\"_blank\" rel=\"noopener\" title=\"Twitter\"><img decoding=\"async\" loading=\"lazy\" src=\"https:\/\/virtualevent.weedoverse.com\/wp-content\/uploads\/2022\/12\/Icon-Twitter.png\" width=\"45\" height=\"45\" alt=\"\" class=\"wp-image-52 alignnone size-full\"><\/a>  <a href=\"https:\/\/rarible.com\/weedopeeps\" target=\"_blank\" rel=\"noopener\" title=\"Seltene Sammlung\"><img decoding=\"async\" loading=\"lazy\" src=\"https:\/\/virtualevent.weedoverse.com\/wp-content\/uploads\/2022\/12\/Icon-Rarible.png\" width=\"45\" height=\"45\" alt=\"\" class=\"wp-image-8089 alignnone size-full\"><\/a>  <a href=\"https:\/\/www.facebook.com\/Weedoverse-114947954528113\" title=\"Facebook\"><img decoding=\"async\" loading=\"lazy\" src=\"https:\/\/virtualevent.weedoverse.com\/wp-content\/uploads\/2022\/12\/Icon-Facebook.png\" width=\"45\" height=\"45\" alt=\"\" class=\"wp-image-49 alignnone size-full\"><\/a> <a href=\"https:\/\/t.me\/weedoverse\" title=\"Telegramm\"><img decoding=\"async\" loading=\"lazy\" src=\"https:\/\/virtualevent.weedoverse.com\/wp-content\/uploads\/2022\/12\/Icon-Telegram.png\" width=\"45\" height=\"45\" alt=\"\" class=\"wp-image-53 alignnone size-full\"><\/a><\/p>\n<p>[\/et_pb_text][et_pb_text _builder_version=&#8220;4.19.4&#8243; _module_preset=&#8220;8cd1ce6b-38be-479c-8fe0-00b31d0a6bd3&#8243; text_font=&#8220;Poppins|300|||||||&#8220; text_line_height=&#8220;1.8em&#8220; background_layout=&#8220;dark&#8220; text_font_size_tablet=&#8220;16px&#8220; text_font_size_phone=&#8220;14px&#8220; text_font_size_last_edited=&#8220;on|desktop&#8220; locked=&#8220;off&#8220; global_colors_info=&#8220;{}&#8220;]<\/p>\n<p>Die Veranstaltung ist kostenlos und steht allen Personen \u00fcber 18 Jahren (19 Jahre f\u00fcr Kanada und 21 Jahre f\u00fcr die USA) offen. Alle unsere Werbegeschenke, NFTS und die Verteilung von Token sind kostenlos und erfordern keine Bezahlung.<\/p>\n<p>[\/et_pb_text][et_pb_text _builder_version=&#8220;4.19.4&#8243; _module_preset=&#8220;default&#8220; global_colors_info=&#8220;{}&#8220;]<\/p>\n<p><span data-contrast=\"none\" lang=\"FR-FR\" class=\"TextRun Highlight SCXW106855666 BCX0\" style=\"accent-color: auto; place-content: normal; place-items: normal; place-self: auto; alignment-baseline: auto; animation: 0s ease 0s 1 normal none running none; app-region: none; appearance: none; aspect-ratio: auto; backdrop-filter: none; backface-visibility: visible; background: none 0% 0% \/ auto auto repeat scroll padding-box border-box #000000; background-blend-mode: normal; baseline-shift: 0px; border-image: none 100% \/ 1 \/ 0 stretch; border-collapse: separate; border-end-end-radius: 0px; border-end-start-radius: 0px; border-spacing: 0px; border-start-end-radius: 0px; border-start-start-radius: 0px; border-radius: 0px; inset: auto; box-shadow: none; box-sizing: content-box; break-after: auto; break-before: auto; break-inside: auto; buffered-rendering: auto; caption-side: top; caret-color: #ffffff; clear: none; clip: auto; clip-path: none; clip-rule: nonzero; color: #ffffff; color-interpolation: srgb; color-interpolation-filters: linearrgb; color-rendering: auto; color-scheme: normal; columns: auto auto; column-fill: balance; gap: normal; column-rule: 0px none #ffffff; column-span: none; contain: none; contain-intrinsic-block-size: none; contain-intrinsic-size: none; contain-intrinsic-inline-size: none; content: normal; content-visibility: visible; counter-increment: none; counter-reset: none; counter-set: none; cursor: text; cx: 0px; cy: 0px; d: none; direction: ltr; display: inline; dominant-baseline: auto; empty-cells: show; fill: #000000; fill-opacity: 1; fill-rule: nonzero; filter: none; flex: 0 1 auto; flex-flow: row nowrap; float: none; flood-color: #000000; flood-opacity: 1; font-family: WordVisi_MSFontService, Calibri, Calibri_EmbeddedFont, Calibri_MSFontService, sans-serif; font-feature-settings: normal; font-kerning: none; font-optical-sizing: auto; font-size: 14.6667px; font-stretch: 100%; font-style: normal; font-synthesis: weight style small-caps; font-variant: no-common-ligatures no-discretionary-ligatures no-historical-ligatures no-contextual; font-variation-settings: normal; font-weight: 400; forced-color-adjust: auto; grid-area: auto \/ auto \/ auto \/ auto; grid-auto-columns: auto; grid-auto-flow: row; grid-auto-rows: auto; grid-template-areas: none; grid-template-columns: none; grid-template-rows: none; height: auto; hyphens: manual; image-orientation: from-image; image-rendering: auto; inline-size: auto; inset-block: auto; inset-inline: auto; isolation: auto; letter-spacing: normal; lighting-color: #ffffff; line-height: 18.3458px; list-style: outside none disc; margin: 0px; marker: none; mask: none; mask-type: luminance; max-height: none; max-width: none; min-height: 0px; min-width: 0px; mix-blend-mode: normal; object-fit: fill; object-position: 50% 50%; offset: none 0px auto 0deg; opacity: 1; order: 0; orphans: 2; outline: rgba(0, 0, 0, 0) solid 1px; outline-offset: 0px; overflow: visible; overflow-anchor: auto; overflow-clip-margin: 0px; overflow-wrap: break-word; overscroll-behavior-block: auto; overscroll-behavior-inline: auto; overscroll-behavior: auto; padding: 0px; page: auto; paint-order: normal; perspective: none; perspective-origin: 0px 0px; pointer-events: auto; position: static; quotes: auto; r: 0px; resize: none; ruby-position: over; rx: auto; ry: auto; scroll-behavior: auto; scroll-margin-block: 0px; scroll-margin: 0px; scroll-margin-inline: 0px; scroll-padding-block: auto; scroll-padding: auto; scroll-padding-inline: auto; scroll-snap-align: none; scroll-snap-stop: normal; scroll-snap-type: none; scrollbar-gutter: auto; shape-image-threshold: 0; shape-margin: 0px; shape-outside: none; shape-rendering: auto; speak: normal; stop-color: #000000; stop-opacity: 1; stroke: none; stroke-dasharray: none; stroke-dashoffset: 0px; stroke-linecap: butt; stroke-linejoin: miter; stroke-miterlimit: 4; stroke-opacity: 1; stroke-width: 1px; tab-size: 8; table-layout: auto; text-align: left; text-align-last: auto; text-anchor: start; text-combine-upright: none; text-decoration: none solid #ffffff; text-decoration-skip-ink: auto; text-indent: 0px; text-orientation: mixed; text-overflow: clip; text-rendering: auto; text-shadow: none; text-size-adjust: auto; text-transform: none; text-underline-offset: auto; text-underline-position: auto; touch-action: auto; transform: none; transform-box: view-box; transform-origin: 0px 0px; transform-style: flat; transition: all 0s ease 0s; unicode-bidi: normal; user-select: text; vector-effect: none; vertical-align: baseline; visibility: visible; border-block-end: 0px none #ffffff; border-block-start: 0px none #ffffff; border-inline-end: 0px none #ffffff; -webkit-border-image: none; border-inline-start: 0px none #ffffff; -webkit-box-align: stretch; -webkit-box-decoration-break: slice; -webkit-box-direction: normal; -webkit-box-flex: 0; -webkit-box-ordinal-group: 1; -webkit-box-orient: horizontal; -webkit-box-pack: start; -webkit-font-smoothing: auto; -webkit-highlight: none; -webkit-hyphenate-character: auto; -webkit-line-break: after-white-space; -webkit-locale: 'fr-FR'; block-size: auto; margin-block: 0px; margin-inline: 0px; -webkit-mask-box-image-source: none; -webkit-mask-box-image-slice: 0 fill; -webkit-mask-box-image-width: auto; -webkit-mask-box-image-outset: 0; -webkit-mask-box-image-repeat: stretch; -webkit-mask: none 0% 0% \/ auto repeat border-box border-box; -webkit-mask-composite: source-over; max-block-size: none; max-inline-size: none; min-block-size: 0px; min-inline-size: 0px; padding-block: 0px; padding-inline: 0px; -webkit-print-color-adjust: economy; -webkit-rtl-ordering: logical; -webkit-ruby-position: before; -webkit-tap-highlight-color: rgba(0, 0, 0, 0); -webkit-text-combine: none; -webkit-text-decorations-in-effect: none; -webkit-text-emphasis: none #ffffff; -webkit-text-emphasis-position: over right; -webkit-text-fill-color: #ffffff; -webkit-text-orientation: vertical-right; -webkit-text-security: none; -webkit-text-stroke: 0px #ffffff; -webkit-user-drag: none; -webkit-user-modify: read-write; -webkit-writing-mode: horizontal-tb; white-space: pre-wrap; widows: 2; width: auto; will-change: auto; word-break: normal; word-spacing: 0px; writing-mode: horizontal-tb; x: 0px; y: 0px; z-index: auto; zoom: 1; border: 0px none #ffffff;\"><br \/>\n  <span class=\"NormalTextRun SCXW106855666 BCX0\">\u00a9<\/span><br \/>\n<\/span>WeedoVerse_2023 | <a href=\"https:\/\/virtualevent.weedoverse.com\/privacy-policy-2\/\" target=\"_blank\" rel=\"noopener\">Datenschutzbestimmungen<\/a> |<\/p>\n<p>[\/et_pb_text][\/et_pb_column][\/et_pb_row][\/et_pb_section]<\/p>\n","protected":false},"excerpt":{"rendered":"<p>SIE BEFINDEN SICH AM STAND DES ONTOLOGISCHEN SPIELSDas Ontologische Spiel ist ein \u00d6kosystem, das eine Gruppe sich erg\u00e4nzender Projekte und ein einzigartiges System miteinander verbundener Spiele umfasst, die eine innovative und symbiotische offene Wirtschaft \u00fcber ihre Grenzen hinweg entstehen lassen. Merca City ist eine Abenteuerwelt mit einem komplexen Wirtschaftssystem; ein Open-World-MMORPG, das aus sechs exotischen [&hellip;]<\/p>\n","protected":false},"author":2,"featured_media":0,"parent":0,"menu_order":0,"comment_status":"closed","ping_status":"closed","template":"","meta":{"_et_pb_use_builder":"on","_et_pb_old_content":"","_et_gb_content_width":"","om_disable_all_campaigns":false,"_monsterinsights_skip_tracking":false,"_monsterinsights_sitenote_active":false,"_monsterinsights_sitenote_note":"","_monsterinsights_sitenote_category":0},"aioseo_notices":[],"_links":{"self":[{"href":"https:\/\/virtualevent.weedoverse.com\/de\/wp-json\/wp\/v2\/pages\/1422"}],"collection":[{"href":"https:\/\/virtualevent.weedoverse.com\/de\/wp-json\/wp\/v2\/pages"}],"about":[{"href":"https:\/\/virtualevent.weedoverse.com\/de\/wp-json\/wp\/v2\/types\/page"}],"author":[{"embeddable":true,"href":"https:\/\/virtualevent.weedoverse.com\/de\/wp-json\/wp\/v2\/users\/2"}],"replies":[{"embeddable":true,"href":"https:\/\/virtualevent.weedoverse.com\/de\/wp-json\/wp\/v2\/comments?post=1422"}],"version-history":[{"count":2,"href":"https:\/\/virtualevent.weedoverse.com\/de\/wp-json\/wp\/v2\/pages\/1422\/revisions"}],"predecessor-version":[{"id":1424,"href":"https:\/\/virtualevent.weedoverse.com\/de\/wp-json\/wp\/v2\/pages\/1422\/revisions\/1424"}],"wp:attachment":[{"href":"https:\/\/virtualevent.weedoverse.com\/de\/wp-json\/wp\/v2\/media?parent=1422"}],"curies":[{"name":"wp","href":"https:\/\/api.w.org\/{rel}","templated":true}]}}